{"id":25620,"date":"2025-09-24T11:23:42","date_gmt":"2025-09-24T09:23:42","guid":{"rendered":"https:\/\/greenfinancecorp.com\/?page_id=25620"},"modified":"2025-09-25T11:09:03","modified_gmt":"2025-09-25T09:09:03","slug":"green-check","status":"publish","type":"page","link":"https:\/\/greenfinancecorp.com\/en\/green-check\/","title":{"rendered":"Green Check"},"content":{"rendered":"<p>[et_pb_section fb_built=&#8220;1&#8243; admin_label=&#8220;section&#8220; _builder_version=&#8220;4.27.4&#8243; _module_preset=&#8220;e7cc2bc9-a6c3-4146-9010-1b02181aeb09&#8243; background_image=&#8220;https:\/\/greenfinancecorp.com\/wp-content\/uploads\/2020\/09\/header-3-1.jpg&#8220; background_enable_image=&#8220;on&#8220; locked=&#8220;off&#8220; global_colors_info=&#8220;{}&#8220; theme_builder_area=&#8220;post_content&#8220;][et_pb_row admin_label=&#8220;row&#8220; _builder_version=&#8220;4.16&#8243; _module_preset=&#8220;cd68a39a-5267-42af-9a27-b4e294024f4c&#8220; global_colors_info=&#8220;{}&#8220; theme_builder_area=&#8220;post_content&#8220;][et_pb_column type=&#8220;4_4&#8243; _builder_version=&#8220;4.16&#8243; custom_padding=&#8220;|||&#8220; global_colors_info=&#8220;{}&#8220; custom_padding__hover=&#8220;|||&#8220; theme_builder_area=&#8220;post_content&#8220;][et_pb_text _builder_version=&#8220;4.16&#8243; _module_preset=&#8220;a486eeb4-7358-4a78-b814-75309f54bdf4&#8243; global_colors_info=&#8220;{}&#8220; theme_builder_area=&#8220;post_content&#8220;]<\/p>\n<p>Climate Protection Concepts<\/p>\n<p>[\/et_pb_text][et_pb_text _builder_version=&#8220;4.27.4&#8243; _module_preset=&#8220;8232f705-6ffe-4bd9-9641-3ec380a43163&#8243; global_colors_info=&#8220;{}&#8220; theme_builder_area=&#8220;post_content&#8220;]<\/p>\n<h1>Green Check<\/h1>\n<p>[\/et_pb_text][\/et_pb_column][\/et_pb_row][\/et_pb_section][et_pb_section fb_built=&#8220;1&#8243; admin_label=&#8220;section&#8220; module_id=&#8220;willkommen&#8220; _builder_version=&#8220;4.16&#8243; custom_padding=&#8220;110px||150px|||&#8220; locked=&#8220;off&#8220; global_colors_info=&#8220;{}&#8220; theme_builder_area=&#8220;post_content&#8220;][et_pb_row column_structure=&#8220;1_2,1_2&#8243; admin_label=&#8220;row&#8220; _builder_version=&#8220;4.27.4&#8243; background_size=&#8220;initial&#8220; background_position=&#8220;top_left&#8220; background_repeat=&#8220;repeat&#8220; custom_margin=&#8220;|auto|103px|auto||&#8220; custom_padding=&#8220;0px|||||&#8220; locked=&#8220;off&#8220; global_colors_info=&#8220;{}&#8220; theme_builder_area=&#8220;post_content&#8220;][et_pb_column type=&#8220;1_2&#8243; _builder_version=&#8220;4.27.4&#8243; custom_padding=&#8220;|||&#8220; animation_style=&#8220;fade&#8220; animation_delay=&#8220;500ms&#8220; global_colors_info=&#8220;{}&#8220; custom_padding__hover=&#8220;|||&#8220; theme_builder_area=&#8220;post_content&#8220;][et_pb_text _builder_version=&#8220;4.16&#8243; text_font=&#8220;Poppins|||on|||||&#8220; text_text_color=&#8220;#a0ce4e&#8220; text_font_size=&#8220;13px&#8220; text_letter_spacing=&#8220;3px&#8220; text_line_height=&#8220;1em&#8220; global_colors_info=&#8220;{}&#8220; theme_builder_area=&#8220;post_content&#8220;]<\/p>\n<p>GFC - Green Finance Corp.<\/p>\n<p>[\/et_pb_text][et_pb_text _builder_version=\"4.27.4\u2033 text_font=\"Poppins|700|||||||\" text_text_color=\"#2b2b2d\" text_font_size=\"40px\" text_letter_spacing=\"-1px\" text_line_height=\"1.2em\" text_orientation=\"left\" custom_margin=\"25px||||false|false\" custom_margin_tablet=\"-10px||||false|false\" custom_margin_phone=\"-10px||||false|false\" custom_margin_last_edited=\"on|phone\" text_font_size_tablet=\"\" text_font_size_phone=\"30px\" text_font_size_last_edited=\"on|phone\" global_colors_info=\"{}\" theme_builder_area=\"post_content\"]<\/p>\n<p>Climate protection concepts with a focus on areas &amp; locations<\/p>\n<p>[\/et_pb_text][\/et_pb_column][et_pb_column type=&#8220;1_2&#8243; _builder_version=&#8220;4.16&#8243; custom_padding=&#8220;|||&#8220; animation_style=&#8220;fade&#8220; animation_delay=&#8220;750ms&#8220; global_colors_info=&#8220;{}&#8220; custom_padding__hover=&#8220;|||&#8220; theme_builder_area=&#8220;post_content&#8220;][et_pb_text _builder_version=&#8220;4.27.4&#8243; text_font=&#8220;||||||||&#8220; text_text_color=&#8220;#646464&#8243; text_line_height=&#8220;1.8em&#8220; custom_margin=&#8220;38px||||false|false&#8220; hover_enabled=&#8220;0&#8243; global_colors_info=&#8220;{}&#8220; theme_builder_area=&#8220;post_content&#8220; sticky_enabled=&#8220;0&#8243;]<\/p>\n<p>Are you wondering how your areas or locations can contribute to the energy transition - and what added value you can gain from it?<\/p>\n<p>With the help of digital cadastral and geodata, we check the suitability of your land for <strong>Wind power, photovoltaics and storage solutions<\/strong>.<\/p>\n<p>Regardless of whether you want to realize your own project or just lease your land: We support you from the initial analysis through to implementation.<\/p>\n<p>[\/et_pb_text][\/et_pb_column][\/et_pb_row][et_pb_row _builder_version=\"4.27.4\u2033 _module_preset=\"default\" animation_style=\"fade\" animation_delay=\"500ms\" global_colors_info=\"{}\" theme_builder_area=\"post_content\"][et_pb_column type=\"4_4\u2033 _builder_version=\"4.27.4\u2033 _module_preset=\"default\" animation_style=\"fade\" animation_delay=\"500ms\" global_colors_info=\"{}\" theme_builder_area=\"post_content\"][et_pb_text _builder_version=\"4.27.4\u2033 _module_preset=\"default\" custom_margin=\"||-24px||false|false\" custom_padding=\"||||false|false\" global_colors_info=\"{}\" theme_builder_area=\"post_content\"]<\/p>\n<h2 style=\"text-align: center;\">Green Check<\/h2>\n<p>[\/et_pb_text][\/et_pb_column][\/et_pb_row][et_pb_row column_structure=&#8220;1_2,1_2&#8243; _builder_version=&#8220;4.27.4&#8243; _module_preset=&#8220;default&#8220; custom_css_free_form=&#8220;selector {||      justify-content: center;||}||||selector .et_pb_column {||  max-width: 100%;||}&#8220; global_colors_info=&#8220;{}&#8220; theme_builder_area=&#8220;post_content&#8220;][et_pb_column type=&#8220;1_2&#8243; _builder_version=&#8220;4.27.4&#8243; _module_preset=&#8220;default&#8220; custom_padding=&#8220;65px|50px|65px|50px|true|true&#8220; animation_style=&#8220;fade&#8220; animation_delay=&#8220;500ms&#8220; custom_css_main_element=&#8220;max-width: 400px;&#8220; box_shadow_style=&#8220;preset1&#8243; box_shadow_blur=&#8220;49px&#8220; box_shadow_spread=&#8220;-9px&#8220; box_shadow_color=&#8220;rgba(183,183,183,0.3)&#8220; global_colors_info=&#8220;{}&#8220; box_shadow_blur__hover=&#8220;77px&#8220; box_shadow_blur__hover_enabled=&#8220;on|hover&#8220; box_shadow_color__hover=&#8220;rgba(186,186,186,0.3)&#8220; box_shadow_color__hover_enabled=&#8220;on|hover&#8220; box_shadow_vertical__hover=&#8220;16px&#8220; box_shadow_vertical__hover_enabled=&#8220;on|hover&#8220; theme_builder_area=&#8220;post_content&#8220;][et_pb_image src=&#8220;https:\/\/greenfinancecorp.com\/wp-content\/uploads\/2020\/09\/map.svg&#8220; title_text=&#8220;map&#8220; align=&#8220;center&#8220; _builder_version=&#8220;4.16&#8243; module_alignment=&#8220;center&#8220; max_height=&#8220;80px&#8220; locked=&#8220;off&#8220; global_colors_info=&#8220;{}&#8220; theme_builder_area=&#8220;post_content&#8220;][\/et_pb_image][et_pb_blurb title=&#8220;Standort- &#038; Geodatenanalysen&#8220; image_icon_width=&#8220;60px&#8220; content_max_width=&#8220;100%&#8220; _builder_version=&#8220;4.27.4&#8243; header_font=&#8220;Poppins|700|||||||&#8220; header_text_align=&#8220;center&#8220; header_text_color=&#8220;#2b2b2d&#8220; header_font_size=&#8220;20px&#8220; header_line_height=&#8220;1.9em&#8220; body_font=&#8220;||||||||&#8220; body_text_align=&#8220;center&#8220; body_text_color=&#8220;#646464&#8243; body_line_height=&#8220;1.8em&#8220; custom_margin=&#8220;20px||||false|false&#8220; animation=&#8220;off&#8220; image_max_width=&#8220;60px&#8220; locked=&#8220;off&#8220; global_colors_info=&#8220;{}&#8220; theme_builder_area=&#8220;post_content&#8220;]<\/p>\n<p>Recognize and evaluate potential areas and make opportunities visible<\/p>\n<p>[\/et_pb_blurb][\/et_pb_column][et_pb_column type=&#8220;1_2&#8243; _builder_version=&#8220;4.27.4&#8243; _module_preset=&#8220;default&#8220; custom_padding=&#8220;65px|50px|65px|50px|true|true&#8220; animation_style=&#8220;fade&#8220; animation_delay=&#8220;500ms&#8220; custom_css_main_element=&#8220;max-width: 400px;&#8220; box_shadow_style=&#8220;preset1&#8243; box_shadow_blur=&#8220;49px&#8220; box_shadow_spread=&#8220;-9px&#8220; box_shadow_color=&#8220;rgba(183,183,183,0.3)&#8220; global_colors_info=&#8220;{}&#8220; box_shadow_blur__hover=&#8220;77px&#8220; box_shadow_blur__hover_enabled=&#8220;on|hover&#8220; box_shadow_color__hover=&#8220;rgba(186,186,186,0.3)&#8220; box_shadow_color__hover_enabled=&#8220;on|hover&#8220; box_shadow_vertical__hover=&#8220;16px&#8220; box_shadow_vertical__hover_enabled=&#8220;on|hover&#8220; theme_builder_area=&#8220;post_content&#8220;][et_pb_image src=&#8220;https:\/\/greenfinancecorp.com\/wp-content\/uploads\/2020\/09\/mail.svg&#8220; title_text=&#8220;mail&#8220; align=&#8220;center&#8220; _builder_version=&#8220;4.27.4&#8243; module_alignment=&#8220;center&#8220; max_height=&#8220;80px&#8220; locked=&#8220;off&#8220; global_colors_info=&#8220;{}&#8220; theme_builder_area=&#8220;post_content&#8220;][\/et_pb_image][et_pb_blurb title=&#8220;Interesse?&#8220; image_icon_width=&#8220;60px&#8220; content_max_width=&#8220;100%&#8220; _builder_version=&#8220;4.27.4&#8243; header_font=&#8220;Poppins|700|||||||&#8220; header_text_align=&#8220;center&#8220; header_text_color=&#8220;#2b2b2d&#8220; header_font_size=&#8220;20px&#8220; header_line_height=&#8220;1.9em&#8220; body_font=&#8220;||||||||&#8220; body_text_align=&#8220;center&#8220; body_text_color=&#8220;#646464&#8243; body_line_height=&#8220;1.8em&#8220; custom_margin=&#8220;20px||||false|false&#8220; animation=&#8220;off&#8220; image_max_width=&#8220;60px&#8220; locked=&#8220;off&#8220; global_colors_info=&#8220;{}&#8220; theme_builder_area=&#8220;post_content&#8220;]<\/p>\n<p><a href=\"\/en\/kontakt\/\">Talk to us<\/a> - We will check your areas for you at any time free of charge!<\/p>\n<p>[\/et_pb_blurb][\/et_pb_column][\/et_pb_row][\/et_pb_section]<\/p>","protected":false},"excerpt":{"rendered":"<p>KlimaschutzkonzepteGreen CheckGFC &#8211; Green Finance Corp.Klimaschutzkonzepte mit Fokus auf Fl\u00e4chen &amp; StandorteSie fragen sich, wie Ihre Fl\u00e4chen oder Standorte zur Energiewende beitragen k\u00f6nnen \u2013 und welchen Mehrwert Sie davon haben? Mit Hilfe digitaler Kataster- und Geodaten pr\u00fcfen wir die Eignung Ihrer Fl\u00e4chen f\u00fcr Windkraft, Photovoltaik und Speicherl\u00f6sungen. Egal, ob Sie ein eigenes Projekt realisieren oder Ihre Fl\u00e4chen nur verpachten m\u00f6chten: Wir begleiten Sie von der ersten Analyse bis zur Umsetzung.Green CheckPotenzialfl\u00e4chen erkennen, bewerten und Chancen sichtbar machenSprechen Sie uns an \u2013 wir pr\u00fcfen Ihre Fl\u00e4chen jederzeit kostenfrei f\u00fcr Sie!<\/p>","protected":false},"author":2,"featured_media":0,"parent":0,"menu_order":0,"comment_status":"closed","ping_status":"closed","template":"","meta":{"_et_pb_use_builder":"on","_et_pb_old_content":"<!-- wp:divi\/placeholder \/-->","_et_gb_content_width":"","footnotes":""},"class_list":["post-25620","page","type-page","status-publish","hentry"],"_links":{"self":[{"href":"https:\/\/greenfinancecorp.com\/en\/wp-json\/wp\/v2\/pages\/25620","targetHints":{"allow":["GET"]}}],"collection":[{"href":"https:\/\/greenfinancecorp.com\/en\/wp-json\/wp\/v2\/pages"}],"about":[{"href":"https:\/\/greenfinancecorp.com\/en\/wp-json\/wp\/v2\/types\/page"}],"author":[{"embeddable":true,"href":"https:\/\/greenfinancecorp.com\/en\/wp-json\/wp\/v2\/users\/2"}],"replies":[{"embeddable":true,"href":"https:\/\/greenfinancecorp.com\/en\/wp-json\/wp\/v2\/comments?post=25620"}],"version-history":[{"count":7,"href":"https:\/\/greenfinancecorp.com\/en\/wp-json\/wp\/v2\/pages\/25620\/revisions"}],"predecessor-version":[{"id":25647,"href":"https:\/\/greenfinancecorp.com\/en\/wp-json\/wp\/v2\/pages\/25620\/revisions\/25647"}],"wp:attachment":[{"href":"https:\/\/greenfinancecorp.com\/en\/wp-json\/wp\/v2\/media?parent=25620"}],"curies":[{"name":"wp","href":"https:\/\/api.w.org\/{rel}","templated":true}]}}